{"id":238,"date":"2018-01-23T10:44:58","date_gmt":"2018-01-23T09:44:58","guid":{"rendered":"http:\/\/www.evelynedodeur.be\/?page_id=238"},"modified":"2018-01-23T10:46:21","modified_gmt":"2018-01-23T09:46:21","slug":"intelligence-collective-et-intelligence-emotionnelle","status":"publish","type":"page","link":"https:\/\/www.evelynedodeur.be\/index.php\/intelligence-collective-et-intelligence-emotionnelle\/","title":{"rendered":"Intelligence collective et intelligence \u00e9motionnelle"},"content":{"rendered":"<p>[vc_row fullwidth=\u00a0\u00bbhas-fullwidth-column\u00a0\u00bb][vc_column]\n<div id=\"rev_slider_4_1_wrapper\" class=\"rev_slider_wrapper fullwidthbanner-container\" data-source=\"gallery\" style=\"margin:0px auto;background:transparent;padding:0px;margin-top:0px;margin-bottom:0px;\">\n<!-- START REVOLUTION SLIDER 5.4.5.1 fullwidth mode -->\n\t<div id=\"rev_slider_4_1\" class=\"rev_slider fullwidthabanner tp-overflow-hidden\" style=\"display:none;\" data-version=\"5.4.5.1\">\n<ul>\t<!-- SLIDE  -->\n\t<li data-index=\"rs-16\" data-transition=\"crossfade\" data-slotamount=\"default\" data-hideafterloop=\"0\" data-hideslideonmobile=\"off\"  data-easein=\"default\" data-easeout=\"default\" data-masterspeed=\"800\"  data-thumb=\"https:\/\/www.evelynedodeur.be\/wp-content\/uploads\/revslider\/notreapproche\/notreapproche_01-100x50.jpg\"  data-rotate=\"0\"  data-saveperformance=\"off\"  data-title=\"Slide\" data-param1=\"\" data-param2=\"\" data-param3=\"\" data-param4=\"\" data-param5=\"\" data-param6=\"\" data-param7=\"\" data-param8=\"\" data-param9=\"\" data-param10=\"\" data-description=\"\">\n\t\t<!-- MAIN IMAGE -->\n\t\t<img decoding=\"async\" src=\"https:\/\/www.evelynedodeur.be\/wp-content\/uploads\/revslider\/notreapproche\/notreapproche_01.jpg\"  alt=\"\" title=\"Intelligence collective et intelligence \u00e9motionnelle\"  data-bgposition=\"center center\" data-bgfit=\"cover\" data-bgrepeat=\"no-repeat\" class=\"rev-slidebg\" data-no-retina>\n\t\t<!-- LAYERS -->\n\t<\/li>\n\t<!-- SLIDE  -->\n\t<li data-index=\"rs-17\" data-transition=\"crossfade\" data-slotamount=\"default\" data-hideafterloop=\"0\" data-hideslideonmobile=\"off\"  data-easein=\"default\" data-easeout=\"default\" data-masterspeed=\"800\"  data-thumb=\"https:\/\/www.evelynedodeur.be\/wp-content\/uploads\/revslider\/notreapproche\/notreapproche_02-100x50.jpg\"  data-rotate=\"0\"  data-saveperformance=\"off\"  data-title=\"Slide\" data-param1=\"\" data-param2=\"\" data-param3=\"\" data-param4=\"\" data-param5=\"\" data-param6=\"\" data-param7=\"\" data-param8=\"\" data-param9=\"\" data-param10=\"\" data-description=\"\">\n\t\t<!-- MAIN IMAGE -->\n\t\t<img decoding=\"async\" src=\"https:\/\/www.evelynedodeur.be\/wp-content\/uploads\/revslider\/notreapproche\/notreapproche_02.jpg\"  alt=\"\" title=\"Intelligence collective et intelligence \u00e9motionnelle\"  data-bgposition=\"center center\" data-bgfit=\"cover\" data-bgrepeat=\"no-repeat\" class=\"rev-slidebg\" data-no-retina>\n\t\t<!-- LAYERS -->\n\t<\/li>\n\t<!-- SLIDE  -->\n\t<li data-index=\"rs-18\" data-transition=\"crossfade\" data-slotamount=\"default\" data-hideafterloop=\"0\" data-hideslideonmobile=\"off\"  data-easein=\"default\" data-easeout=\"default\" data-masterspeed=\"800\"  data-thumb=\"https:\/\/www.evelynedodeur.be\/wp-content\/uploads\/revslider\/notreapproche\/notreapproche_03-100x50.jpg\"  data-rotate=\"0\"  data-saveperformance=\"off\"  data-title=\"Slide\" data-param1=\"\" data-param2=\"\" data-param3=\"\" data-param4=\"\" data-param5=\"\" data-param6=\"\" data-param7=\"\" data-param8=\"\" data-param9=\"\" data-param10=\"\" data-description=\"\">\n\t\t<!-- MAIN IMAGE -->\n\t\t<img decoding=\"async\" src=\"https:\/\/www.evelynedodeur.be\/wp-content\/uploads\/revslider\/notreapproche\/notreapproche_03.jpg\"  alt=\"\" title=\"Intelligence collective et intelligence \u00e9motionnelle\"  data-bgposition=\"center center\" data-bgfit=\"cover\" data-bgrepeat=\"no-repeat\" class=\"rev-slidebg\" data-no-retina>\n\t\t<!-- LAYERS -->\n\t<\/li>\n\t<!-- SLIDE  -->\n\t<li data-index=\"rs-19\" data-transition=\"crossfade\" data-slotamount=\"default\" data-hideafterloop=\"0\" data-hideslideonmobile=\"off\"  data-easein=\"default\" data-easeout=\"default\" data-masterspeed=\"800\"  data-thumb=\"https:\/\/www.evelynedodeur.be\/wp-content\/uploads\/revslider\/notreapproche\/notreapproche_04-100x50.jpg\"  data-rotate=\"0\"  data-saveperformance=\"off\"  data-title=\"Slide\" data-param1=\"\" data-param2=\"\" data-param3=\"\" data-param4=\"\" data-param5=\"\" data-param6=\"\" data-param7=\"\" data-param8=\"\" data-param9=\"\" data-param10=\"\" data-description=\"\">\n\t\t<!-- MAIN IMAGE -->\n\t\t<img decoding=\"async\" src=\"https:\/\/www.evelynedodeur.be\/wp-content\/uploads\/revslider\/notreapproche\/notreapproche_04.jpg\"  alt=\"\" title=\"Intelligence collective et intelligence \u00e9motionnelle\"  data-bgposition=\"center center\" data-bgfit=\"cover\" data-bgrepeat=\"no-repeat\" class=\"rev-slidebg\" data-no-retina>\n\t\t<!-- LAYERS -->\n\t<\/li>\n\t<!-- SLIDE  -->\n\t<li data-index=\"rs-20\" data-transition=\"crossfade\" data-slotamount=\"default\" data-hideafterloop=\"0\" data-hideslideonmobile=\"off\"  data-easein=\"default\" data-easeout=\"default\" data-masterspeed=\"800\"  data-thumb=\"https:\/\/www.evelynedodeur.be\/wp-content\/uploads\/revslider\/notreapproche\/notreapproche_05-100x50.jpg\"  data-rotate=\"0\"  data-saveperformance=\"off\"  data-title=\"Slide\" data-param1=\"\" data-param2=\"\" data-param3=\"\" data-param4=\"\" data-param5=\"\" data-param6=\"\" data-param7=\"\" data-param8=\"\" data-param9=\"\" data-param10=\"\" data-description=\"\">\n\t\t<!-- MAIN IMAGE -->\n\t\t<img decoding=\"async\" src=\"https:\/\/www.evelynedodeur.be\/wp-content\/uploads\/revslider\/notreapproche\/notreapproche_05.jpg\"  alt=\"\" title=\"Intelligence collective et intelligence \u00e9motionnelle\"  data-bgposition=\"center center\" data-bgfit=\"cover\" data-bgrepeat=\"no-repeat\" class=\"rev-slidebg\" data-no-retina>\n\t\t<!-- LAYERS -->\n\t<\/li>\n<\/ul>\n<script>var htmlDiv = document.getElementById(\"rs-plugin-settings-inline-css\"); var htmlDivCss=\"\";\n\t\t\t\t\t\tif(htmlDiv) {\n\t\t\t\t\t\t\thtmlDiv.innerHTML = htmlDiv.innerHTML + htmlDivCss;\n\t\t\t\t\t\t}else{\n\t\t\t\t\t\t\tvar htmlDiv = document.createElement(\"div\");\n\t\t\t\t\t\t\thtmlDiv.innerHTML = \"<style>\" + htmlDivCss + \"<\/style>\";\n\t\t\t\t\t\t\tdocument.getElementsByTagName(\"head\")[0].appendChild(htmlDiv.childNodes[0]);\n\t\t\t\t\t\t}\n\t\t\t\t\t<\/script>\n<div class=\"tp-bannertimer tp-bottom\" style=\"visibility: hidden !important;\"><\/div>\t<\/div>\n<script>var htmlDiv = document.getElementById(\"rs-plugin-settings-inline-css\"); var htmlDivCss=\"\";\n\t\t\t\tif(htmlDiv) {\n\t\t\t\t\thtmlDiv.innerHTML = htmlDiv.innerHTML + htmlDivCss;\n\t\t\t\t}else{\n\t\t\t\t\tvar htmlDiv = document.createElement(\"div\");\n\t\t\t\t\thtmlDiv.innerHTML = \"<style>\" + htmlDivCss + \"<\/style>\";\n\t\t\t\t\tdocument.getElementsByTagName(\"head\")[0].appendChild(htmlDiv.childNodes[0]);\n\t\t\t\t}\n\t\t\t<\/script>\n\t\t<script type=\"text\/javascript\">\nsetREVStartSize({c: jQuery('#rev_slider_4_1'), responsiveLevels: [1240,1024,778,480], gridwidth: [1800,1800,778,480], gridheight: [651,651,600,600], sliderLayout: 'fullwidth'});\n\t\t\t\nvar revapi4,\n\ttpj=jQuery;\n\t\t\t\ntpj(document).ready(function() {\n\tif(tpj(\"#rev_slider_4_1\").revolution == undefined){\n\t\trevslider_showDoubleJqueryError(\"#rev_slider_4_1\");\n\t}else{\n\t\trevapi4 = tpj(\"#rev_slider_4_1\").show().revolution({\n\t\t\tsliderType:\"standard\",\n\t\t\tjsFileLocation:\"\/\/www.evelynedodeur.be\/wp-content\/plugins\/revslider\/public\/assets\/js\/\",\n\t\t\tsliderLayout:\"fullwidth\",\n\t\t\tdottedOverlay:\"none\",\n\t\t\tdelay:6000,\n\t\t\tnavigation: {\n\t\t\t\tkeyboardNavigation:\"off\",\n\t\t\t\tkeyboard_direction: \"horizontal\",\n\t\t\t\tmouseScrollNavigation:\"off\",\n \t\t\t\t\t\t\tmouseScrollReverse:\"default\",\n\t\t\t\tonHoverStop:\"off\",\n\t\t\t\tarrows: {\n\t\t\t\t\tstyle:\"cookie\",\n\t\t\t\t\tenable:true,\n\t\t\t\t\thide_onmobile:false,\n\t\t\t\t\thide_onleave:false,\n\t\t\t\t\ttmp:'',\n\t\t\t\t\tleft: {\n\t\t\t\t\t\th_align:\"left\",\n\t\t\t\t\t\tv_align:\"center\",\n\t\t\t\t\t\th_offset:20,\n\t\t\t\t\t\tv_offset:0\n\t\t\t\t\t},\n\t\t\t\t\tright: {\n\t\t\t\t\t\th_align:\"right\",\n\t\t\t\t\t\tv_align:\"center\",\n\t\t\t\t\t\th_offset:20,\n\t\t\t\t\t\tv_offset:0\n\t\t\t\t\t}\n\t\t\t\t}\n\t\t\t\t,\n\t\t\t\tbullets: {\n\t\t\t\t\tenable:true,\n\t\t\t\t\thide_onmobile:false,\n\t\t\t\t\tstyle:\"cookie\",\n\t\t\t\t\thide_onleave:false,\n\t\t\t\t\tdirection:\"horizontal\",\n\t\t\t\t\th_align:\"center\",\n\t\t\t\t\tv_align:\"bottom\",\n\t\t\t\t\th_offset:0,\n\t\t\t\t\tv_offset:20,\n\t\t\t\t\tspace:5,\n\t\t\t\t\ttmp:''\n\t\t\t\t}\n\t\t\t},\n\t\t\tresponsiveLevels:[1240,1024,778,480],\n\t\t\tvisibilityLevels:[1240,1024,778,480],\n\t\t\tgridwidth:[1800,1800,778,480],\n\t\t\tgridheight:[651,651,600,600],\n\t\t\tlazyType:\"none\",\n\t\t\tshadow:0,\n\t\t\tspinner:\"spinner0\",\n\t\t\tstopLoop:\"off\",\n\t\t\tstopAfterLoops:-1,\n\t\t\tstopAtSlide:-1,\n\t\t\tshuffle:\"off\",\n\t\t\tautoHeight:\"off\",\n\t\t\tdisableProgressBar:\"on\",\n\t\t\thideThumbsOnMobile:\"off\",\n\t\t\thideSliderAtLimit:0,\n\t\t\thideCaptionAtLimit:0,\n\t\t\thideAllCaptionAtLilmit:0,\n\t\t\tdebugMode:false,\n\t\t\tfallbacks: {\n\t\t\t\tsimplifyAll:\"off\",\n\t\t\t\tnextSlideOnWindowFocus:\"off\",\n\t\t\t\tdisableFocusListener:false,\n\t\t\t}\n\t\t});\n\t}\n\t\n});\t\/*ready*\/\n<\/script>\n\t\t<script>\n\t\t\t\t\tvar htmlDivCss = unescape(\".cookie.tparrows%20%7B%0A%09cursor%3Apointer%3B%0A%09background%3A%23000%3B%0A%09background%3Atransparent%3B%0A%20%20%20%20border%3A1px%20solid%20%23fff%3B%0A%20%20%20%20border-radius%3A%2050%25%3B%0A%09width%3A40px%3B%0A%09height%3A40px%3B%0A%09position%3Aabsolute%3B%0A%09display%3Ablock%3B%0A%09z-index%3A100%3B%0A%20%20%20%20opacity%3A0.6%3B%0A%7D%0A.cookie.tparrows%3Ahover%20%7B%0A%09opacity%3A1%3B%0A%7D%0A.cookie.tparrows%3Abefore%20%7B%0A%09font-family%3A%20%22revicons%22%3B%0A%09font-size%3A15px%3B%0A%09color%3A%23fff%3B%0A%09display%3Ablock%3B%0A%09line-height%3A%2040px%3B%0A%09text-align%3A%20center%3B%0A%7D%0A.cookie.tparrows.tp-leftarrow%3Abefore%20%7B%0A%09content%3A%20%22%5Ce824%22%3B%0A%7D%0A.cookie.tparrows.tp-rightarrow%3Abefore%20%7B%0A%09content%3A%20%22%5Ce825%22%3B%0A%7D%0A%0A%40media%20%28%20max-width%3A%20768px%20%29%7B%0A%09.cookie.tparrows%20%7B%0A%20%20%20%20%20%20width%3A30px%3B%0A%20%20%20%20%20%20height%3A30px%3B%0A%09%7D%0A%20%20%20%20.cookie.tparrows%3Abefore%20%7B%0A%20%20%20%20%20%20font-size%3A%2012px%3B%0A%20%20%20%20%20%20line-height%3A%2028px%3B%0A%20%20%09%7D%0A%7D%0A%0A.cookie.tp-bullets%20%7B%0A%7D%0A.cookie.tp-bullets%3Abefore%20%7B%0A%09content%3A%22%20%22%3B%0A%20%20%20%20display%3Ablock%3B%0A%09position%3Aabsolute%3B%0A%09width%3A100%25%3B%0A%09height%3A100%25%3B%0A%09background%3Atransparent%3B%0A%09padding%3A10px%3B%0A%09margin-left%3A-10px%3Bmargin-top%3A-10px%3B%0A%09box-sizing%3Acontent-box%3B%0A%7D%0A.cookie%20.tp-bullet%20%7B%0A%09width%3A10px%3B%0A%09height%3A10px%3B%0A%09position%3Aabsolute%3B%0A%20%20%20%20background%3A%20transparent%3B%0A%20%20%20%20border%3A1px%20solid%20%23fff%3B%0A%20%20%20%20border-radius%3A50%25%3B%0A%09cursor%3A%20pointer%3B%0A%09box-sizing%3Acontent-box%3B%0A%20%20%20%20transition%3A%20all%20ease%200.4s%3B%0A%20%20%20%20-webkit-transition%3A%20all%20ease%200.4s%3B%0A%7D%0A.cookie%20.tp-bullet%3Ahover%2C%0A.cookie%20.tp-bullet.selected%20%7B%0A%09border-color%3A%2322e3e5%3B%0A%7D%0A.cookie%20.tp-bullet-image%20%7B%0A%7D%0A.cookie%20.tp-bullet-title%20%7B%0A%7D%0A%0A\");\n\t\t\t\t\tvar htmlDiv = document.getElementById('rs-plugin-settings-inline-css');\n\t\t\t\t\tif(htmlDiv) {\n\t\t\t\t\t\thtmlDiv.innerHTML = htmlDiv.innerHTML + htmlDivCss;\n\t\t\t\t\t}\n\t\t\t\t\telse{\n\t\t\t\t\t\tvar htmlDiv = document.createElement('div');\n\t\t\t\t\t\thtmlDiv.innerHTML = '<style>' + htmlDivCss + '<\/style>';\n\t\t\t\t\t\tdocument.getElementsByTagName('head')[0].appendChild(htmlDiv.childNodes[0]);\n\t\t\t\t\t}\n\t\t\t\t  <\/script>\n\t\t\t\t<\/div><!-- END REVOLUTION SLIDER -->[\/vc_column][\/vc_row][vc_row][vc_column][vc_empty_space][\/vc_column][\/vc_row][vc_row][vc_column width=\u00a0\u00bb1\/3&Prime;]<div class=\" section-heading text-left ihda\"><h2 class=\"heading\" style=\"font-size:48px\">L'intelligence collective<\/h2><div class=\"divide-line text-left\"><span style=\"width:90px; height:1px; background-color:#2d2d2d\"><\/span><\/div><\/div>[\/vc_column][\/vc_row][vc_row margin_top=\u00a0\u00bb0&Prime;][vc_column][vc_column_text]<\/p>\n<ul>\n<li>Est une approche syst\u00e9mique qui demande du temps, de la patience, de la confiance, de l&rsquo;authenticit\u00e9, de la bienveillance. C\u2019est la rencontre des diff\u00e9rentes intelligences d&rsquo;un groupe.<\/li>\n<li>Permet \u00e0 chacun de contribuer et de coop\u00e9rer \u00e9quitablement \u00e0 un objectif commun.<\/li>\n<li>N\u00e9cessite de la structure, du cadre.<\/li>\n<li>Bouscule les habitudes, les croyances, r\u00e9veille certaines \u00e9motions et fragilit\u00e9s, etc.<\/li>\n<li>Se propose, ne s&rsquo;impose pas.<\/li>\n<li>Est facilit\u00e9e par des outils, des processus, des postures sp\u00e9cifiques.<\/li>\n<\/ul>\n<p>[\/vc_column_text][vc_column_text][\/vc_column_text][\/vc_column][\/vc_row][vc_row][vc_column width=\u00a0\u00bb1\/3&Prime;]<div class=\" section-heading text-left ihda\"><h2 class=\"heading\" style=\"font-size:48px\">L'intelligence \u00e9motionnelle<\/h2><div class=\"divide-line text-left\"><span style=\"width:90px; height:1px; background-color:#2d2d2d\"><\/span><\/div><\/div>[\/vc_column][\/vc_row][vc_row margin_top=\u00a0\u00bb0&Prime;][vc_column][vc_column_text]<\/p>\n<ul>\n<li>C\u2019est prendre conscience de ses \u00e9motions, ses forces, ses limites.<\/li>\n<li>C\u2019est apprendre \u00e0 g\u00e9rer ses \u00e9motions avec authenticit\u00e9 et s&rsquo;adapter.<\/li>\n<li>C\u2019est entrer en relation avec les autres, \u00eatre capable d&#8217;empathie (se mettre \u00e0 la place des autres).<\/li>\n<li>C\u2019est apprendre \u00e0 g\u00e9rer les relations interpersonnelles, devenir un leadership inspirant, motiver, accompagner, collaborer, tisser des liens.<\/li>\n<\/ul>\n<p>[\/vc_column_text][vc_column_text][\/vc_column_text][\/vc_column][\/vc_row]<\/p>\n","protected":false},"excerpt":{"rendered":"<p>[vc_row fullwidth=\u00a0\u00bbhas-fullwidth-column\u00a0\u00bb][vc_column][\/vc_column][\/vc_row][vc_row][vc_column][vc_empty_space][\/vc_column][\/vc_row][vc_row][vc_column width=\u00a0\u00bb1\/3&Prime;][\/vc_column][\/vc_row][vc_row margin_top=\u00a0\u00bb0&Prime;][vc_column][vc_column_text] Est une approche syst\u00e9mique qui demande du temps, de la patience, de la confiance, de l&rsquo;authenticit\u00e9, de la bienveillance. C\u2019est la rencontre des diff\u00e9rentes intelligences d&rsquo;un groupe. Permet \u00e0 chacun de contribuer et de coop\u00e9rer \u00e9quitablement \u00e0 un objectif commun. N\u00e9cessite de la structure, du cadre. Bouscule les habitudes, les croyances, [&hellip;]<\/p>\n","protected":false},"author":1,"featured_media":0,"parent":0,"menu_order":0,"comment_status":"closed","ping_status":"closed","template":"","meta":{"footnotes":""},"class_list":["post-238","page","type-page","status-publish","hentry"],"_links":{"self":[{"href":"https:\/\/www.evelynedodeur.be\/index.php\/wp-json\/wp\/v2\/pages\/238","targetHints":{"allow":["GET"]}}],"collection":[{"href":"https:\/\/www.evelynedodeur.be\/index.php\/wp-json\/wp\/v2\/pages"}],"about":[{"href":"https:\/\/www.evelynedodeur.be\/index.php\/wp-json\/wp\/v2\/types\/page"}],"author":[{"embeddable":true,"href":"https:\/\/www.evelynedodeur.be\/index.php\/wp-json\/wp\/v2\/users\/1"}],"replies":[{"embeddable":true,"href":"https:\/\/www.evelynedodeur.be\/index.php\/wp-json\/wp\/v2\/comments?post=238"}],"version-history":[{"count":3,"href":"https:\/\/www.evelynedodeur.be\/index.php\/wp-json\/wp\/v2\/pages\/238\/revisions"}],"predecessor-version":[{"id":241,"href":"https:\/\/www.evelynedodeur.be\/index.php\/wp-json\/wp\/v2\/pages\/238\/revisions\/241"}],"wp:attachment":[{"href":"https:\/\/www.evelynedodeur.be\/index.php\/wp-json\/wp\/v2\/media?parent=238"}],"curies":[{"name":"wp","href":"https:\/\/api.w.org\/{rel}","templated":true}]}}