{"id":157,"date":"2018-01-17T10:51:39","date_gmt":"2018-01-17T09:51:39","guid":{"rendered":"http:\/\/www.evelynedodeur.be\/?page_id=157"},"modified":"2021-02-25T16:13:40","modified_gmt":"2021-02-25T15:13:40","slug":"nos-outils","status":"publish","type":"page","link":"https:\/\/www.evelynedodeur.be\/index.php\/nos-outils\/","title":{"rendered":"Nos outils"},"content":{"rendered":"<p>[vc_row fullwidth=\u00a0\u00bbhas-fullwidth-column\u00a0\u00bb][vc_column]\n<div id=\"rev_slider_5_1_wrapper\" class=\"rev_slider_wrapper fullwidthbanner-container\" data-source=\"gallery\" style=\"margin:0px auto;background:transparent;padding:0px;margin-top:0px;margin-bottom:0px;\">\n<!-- START REVOLUTION SLIDER 5.4.5.1 fullwidth mode -->\n\t<div id=\"rev_slider_5_1\" class=\"rev_slider fullwidthabanner tp-overflow-hidden\" style=\"display:none;\" data-version=\"5.4.5.1\">\n<ul>\t<!-- SLIDE  -->\n\t<li data-index=\"rs-21\" data-transition=\"crossfade\" data-slotamount=\"default\" data-hideafterloop=\"0\" data-hideslideonmobile=\"off\"  data-easein=\"default\" data-easeout=\"default\" data-masterspeed=\"800\"  data-thumb=\"https:\/\/www.evelynedodeur.be\/wp-content\/uploads\/revslider\/outils\/outils_01-100x50.jpg\"  data-rotate=\"0\"  data-saveperformance=\"off\"  data-title=\"Slide\" data-param1=\"\" data-param2=\"\" data-param3=\"\" data-param4=\"\" data-param5=\"\" data-param6=\"\" data-param7=\"\" data-param8=\"\" data-param9=\"\" data-param10=\"\" data-description=\"\">\n\t\t<!-- MAIN IMAGE -->\n\t\t<img decoding=\"async\" src=\"https:\/\/www.evelynedodeur.be\/wp-content\/uploads\/revslider\/outils\/outils_01.jpg\"  alt=\"\" title=\"Nos outils\"  data-bgposition=\"center center\" data-bgfit=\"cover\" data-bgrepeat=\"no-repeat\" class=\"rev-slidebg\" data-no-retina>\n\t\t<!-- LAYERS -->\n\t<\/li>\n\t<!-- SLIDE  -->\n\t<li data-index=\"rs-22\" data-transition=\"crossfade\" data-slotamount=\"default\" data-hideafterloop=\"0\" data-hideslideonmobile=\"off\"  data-easein=\"default\" data-easeout=\"default\" data-masterspeed=\"800\"  data-thumb=\"https:\/\/www.evelynedodeur.be\/wp-content\/uploads\/revslider\/outils\/outils_02-100x50.jpg\"  data-rotate=\"0\"  data-saveperformance=\"off\"  data-title=\"Slide\" data-param1=\"\" data-param2=\"\" data-param3=\"\" data-param4=\"\" data-param5=\"\" data-param6=\"\" data-param7=\"\" data-param8=\"\" data-param9=\"\" data-param10=\"\" data-description=\"\">\n\t\t<!-- MAIN IMAGE -->\n\t\t<img decoding=\"async\" src=\"https:\/\/www.evelynedodeur.be\/wp-content\/uploads\/revslider\/outils\/outils_02.jpg\"  alt=\"\" title=\"Nos outils\"  data-bgposition=\"center center\" data-bgfit=\"cover\" data-bgrepeat=\"no-repeat\" class=\"rev-slidebg\" data-no-retina>\n\t\t<!-- LAYERS -->\n\t<\/li>\n\t<!-- SLIDE  -->\n\t<li data-index=\"rs-23\" data-transition=\"crossfade\" data-slotamount=\"default\" data-hideafterloop=\"0\" data-hideslideonmobile=\"off\"  data-easein=\"default\" data-easeout=\"default\" data-masterspeed=\"800\"  data-thumb=\"https:\/\/www.evelynedodeur.be\/wp-content\/uploads\/revslider\/outils\/outils_03-100x50.jpg\"  data-rotate=\"0\"  data-saveperformance=\"off\"  data-title=\"Slide\" data-param1=\"\" data-param2=\"\" data-param3=\"\" data-param4=\"\" data-param5=\"\" data-param6=\"\" data-param7=\"\" data-param8=\"\" data-param9=\"\" data-param10=\"\" data-description=\"\">\n\t\t<!-- MAIN IMAGE -->\n\t\t<img decoding=\"async\" src=\"https:\/\/www.evelynedodeur.be\/wp-content\/uploads\/revslider\/outils\/outils_03.jpg\"  alt=\"\" title=\"Nos outils\"  data-bgposition=\"center center\" data-bgfit=\"cover\" data-bgrepeat=\"no-repeat\" class=\"rev-slidebg\" data-no-retina>\n\t\t<!-- LAYERS -->\n\t<\/li>\n\t<!-- SLIDE  -->\n\t<li data-index=\"rs-24\" data-transition=\"crossfade\" data-slotamount=\"default\" data-hideafterloop=\"0\" data-hideslideonmobile=\"off\"  data-easein=\"default\" data-easeout=\"default\" data-masterspeed=\"800\"  data-thumb=\"https:\/\/www.evelynedodeur.be\/wp-content\/uploads\/revslider\/outils\/outils_04-100x50.jpg\"  data-rotate=\"0\"  data-saveperformance=\"off\"  data-title=\"Slide\" data-param1=\"\" data-param2=\"\" data-param3=\"\" data-param4=\"\" data-param5=\"\" data-param6=\"\" data-param7=\"\" data-param8=\"\" data-param9=\"\" data-param10=\"\" data-description=\"\">\n\t\t<!-- MAIN IMAGE -->\n\t\t<img decoding=\"async\" src=\"https:\/\/www.evelynedodeur.be\/wp-content\/uploads\/revslider\/outils\/outils_04.jpg\"  alt=\"\" title=\"Nos outils\"  data-bgposition=\"center center\" data-bgfit=\"cover\" data-bgrepeat=\"no-repeat\" class=\"rev-slidebg\" data-no-retina>\n\t\t<!-- LAYERS -->\n\t<\/li>\n\t<!-- SLIDE  -->\n\t<li data-index=\"rs-25\" data-transition=\"crossfade\" data-slotamount=\"default\" data-hideafterloop=\"0\" data-hideslideonmobile=\"off\"  data-easein=\"default\" data-easeout=\"default\" data-masterspeed=\"800\"  data-thumb=\"https:\/\/www.evelynedodeur.be\/wp-content\/uploads\/revslider\/outils\/outils_05-100x50.jpg\"  data-rotate=\"0\"  data-saveperformance=\"off\"  data-title=\"Slide\" data-param1=\"\" data-param2=\"\" data-param3=\"\" data-param4=\"\" data-param5=\"\" data-param6=\"\" data-param7=\"\" data-param8=\"\" data-param9=\"\" data-param10=\"\" data-description=\"\">\n\t\t<!-- MAIN IMAGE -->\n\t\t<img decoding=\"async\" src=\"https:\/\/www.evelynedodeur.be\/wp-content\/uploads\/revslider\/outils\/outils_05.jpg\"  alt=\"\" title=\"Nos outils\"  data-bgposition=\"center center\" data-bgfit=\"cover\" data-bgrepeat=\"no-repeat\" class=\"rev-slidebg\" data-no-retina>\n\t\t<!-- LAYERS -->\n\t<\/li>\n<\/ul>\n<script>var htmlDiv = document.getElementById(\"rs-plugin-settings-inline-css\"); var htmlDivCss=\"\";\n\t\t\t\t\t\tif(htmlDiv) {\n\t\t\t\t\t\t\thtmlDiv.innerHTML = htmlDiv.innerHTML + htmlDivCss;\n\t\t\t\t\t\t}else{\n\t\t\t\t\t\t\tvar htmlDiv = document.createElement(\"div\");\n\t\t\t\t\t\t\thtmlDiv.innerHTML = \"<style>\" + htmlDivCss + \"<\/style>\";\n\t\t\t\t\t\t\tdocument.getElementsByTagName(\"head\")[0].appendChild(htmlDiv.childNodes[0]);\n\t\t\t\t\t\t}\n\t\t\t\t\t<\/script>\n<div class=\"tp-bannertimer tp-bottom\" style=\"visibility: hidden !important;\"><\/div>\t<\/div>\n<script>var htmlDiv = document.getElementById(\"rs-plugin-settings-inline-css\"); var htmlDivCss=\"\";\n\t\t\t\tif(htmlDiv) {\n\t\t\t\t\thtmlDiv.innerHTML = htmlDiv.innerHTML + htmlDivCss;\n\t\t\t\t}else{\n\t\t\t\t\tvar htmlDiv = document.createElement(\"div\");\n\t\t\t\t\thtmlDiv.innerHTML = \"<style>\" + htmlDivCss + \"<\/style>\";\n\t\t\t\t\tdocument.getElementsByTagName(\"head\")[0].appendChild(htmlDiv.childNodes[0]);\n\t\t\t\t}\n\t\t\t<\/script>\n\t\t<script type=\"text\/javascript\">\nsetREVStartSize({c: jQuery('#rev_slider_5_1'), responsiveLevels: [1240,1024,778,480], gridwidth: [1800,1800,778,480], gridheight: [651,651,600,600], sliderLayout: 'fullwidth'});\n\t\t\t\nvar revapi5,\n\ttpj=jQuery;\n\t\t\t\ntpj(document).ready(function() {\n\tif(tpj(\"#rev_slider_5_1\").revolution == undefined){\n\t\trevslider_showDoubleJqueryError(\"#rev_slider_5_1\");\n\t}else{\n\t\trevapi5 = tpj(\"#rev_slider_5_1\").show().revolution({\n\t\t\tsliderType:\"standard\",\n\t\t\tjsFileLocation:\"\/\/www.evelynedodeur.be\/wp-content\/plugins\/revslider\/public\/assets\/js\/\",\n\t\t\tsliderLayout:\"fullwidth\",\n\t\t\tdottedOverlay:\"none\",\n\t\t\tdelay:6000,\n\t\t\tnavigation: {\n\t\t\t\tkeyboardNavigation:\"off\",\n\t\t\t\tkeyboard_direction: \"horizontal\",\n\t\t\t\tmouseScrollNavigation:\"off\",\n \t\t\t\t\t\t\tmouseScrollReverse:\"default\",\n\t\t\t\tonHoverStop:\"off\",\n\t\t\t\tarrows: {\n\t\t\t\t\tstyle:\"cookie\",\n\t\t\t\t\tenable:true,\n\t\t\t\t\thide_onmobile:false,\n\t\t\t\t\thide_onleave:false,\n\t\t\t\t\ttmp:'',\n\t\t\t\t\tleft: {\n\t\t\t\t\t\th_align:\"left\",\n\t\t\t\t\t\tv_align:\"center\",\n\t\t\t\t\t\th_offset:20,\n\t\t\t\t\t\tv_offset:0\n\t\t\t\t\t},\n\t\t\t\t\tright: {\n\t\t\t\t\t\th_align:\"right\",\n\t\t\t\t\t\tv_align:\"center\",\n\t\t\t\t\t\th_offset:20,\n\t\t\t\t\t\tv_offset:0\n\t\t\t\t\t}\n\t\t\t\t}\n\t\t\t\t,\n\t\t\t\tbullets: {\n\t\t\t\t\tenable:true,\n\t\t\t\t\thide_onmobile:false,\n\t\t\t\t\tstyle:\"cookie\",\n\t\t\t\t\thide_onleave:false,\n\t\t\t\t\tdirection:\"horizontal\",\n\t\t\t\t\th_align:\"center\",\n\t\t\t\t\tv_align:\"bottom\",\n\t\t\t\t\th_offset:0,\n\t\t\t\t\tv_offset:20,\n\t\t\t\t\tspace:5,\n\t\t\t\t\ttmp:''\n\t\t\t\t}\n\t\t\t},\n\t\t\tresponsiveLevels:[1240,1024,778,480],\n\t\t\tvisibilityLevels:[1240,1024,778,480],\n\t\t\tgridwidth:[1800,1800,778,480],\n\t\t\tgridheight:[651,651,600,600],\n\t\t\tlazyType:\"none\",\n\t\t\tshadow:0,\n\t\t\tspinner:\"spinner0\",\n\t\t\tstopLoop:\"off\",\n\t\t\tstopAfterLoops:-1,\n\t\t\tstopAtSlide:-1,\n\t\t\tshuffle:\"off\",\n\t\t\tautoHeight:\"off\",\n\t\t\tdisableProgressBar:\"on\",\n\t\t\thideThumbsOnMobile:\"off\",\n\t\t\thideSliderAtLimit:0,\n\t\t\thideCaptionAtLimit:0,\n\t\t\thideAllCaptionAtLilmit:0,\n\t\t\tdebugMode:false,\n\t\t\tfallbacks: {\n\t\t\t\tsimplifyAll:\"off\",\n\t\t\t\tnextSlideOnWindowFocus:\"off\",\n\t\t\t\tdisableFocusListener:false,\n\t\t\t}\n\t\t});\n\t}\n\t\n});\t\/*ready*\/\n<\/script>\n\t\t<script>\n\t\t\t\t\tvar htmlDivCss = unescape(\".cookie.tparrows%20%7B%0A%09cursor%3Apointer%3B%0A%09background%3A%23000%3B%0A%09background%3Atransparent%3B%0A%20%20%20%20border%3A1px%20solid%20%23fff%3B%0A%20%20%20%20border-radius%3A%2050%25%3B%0A%09width%3A40px%3B%0A%09height%3A40px%3B%0A%09position%3Aabsolute%3B%0A%09display%3Ablock%3B%0A%09z-index%3A100%3B%0A%20%20%20%20opacity%3A0.6%3B%0A%7D%0A.cookie.tparrows%3Ahover%20%7B%0A%09opacity%3A1%3B%0A%7D%0A.cookie.tparrows%3Abefore%20%7B%0A%09font-family%3A%20%22revicons%22%3B%0A%09font-size%3A15px%3B%0A%09color%3A%23fff%3B%0A%09display%3Ablock%3B%0A%09line-height%3A%2040px%3B%0A%09text-align%3A%20center%3B%0A%7D%0A.cookie.tparrows.tp-leftarrow%3Abefore%20%7B%0A%09content%3A%20%22%5Ce824%22%3B%0A%7D%0A.cookie.tparrows.tp-rightarrow%3Abefore%20%7B%0A%09content%3A%20%22%5Ce825%22%3B%0A%7D%0A%0A%40media%20%28%20max-width%3A%20768px%20%29%7B%0A%09.cookie.tparrows%20%7B%0A%20%20%20%20%20%20width%3A30px%3B%0A%20%20%20%20%20%20height%3A30px%3B%0A%09%7D%0A%20%20%20%20.cookie.tparrows%3Abefore%20%7B%0A%20%20%20%20%20%20font-size%3A%2012px%3B%0A%20%20%20%20%20%20line-height%3A%2028px%3B%0A%20%20%09%7D%0A%7D%0A%0A.cookie.tp-bullets%20%7B%0A%7D%0A.cookie.tp-bullets%3Abefore%20%7B%0A%09content%3A%22%20%22%3B%0A%20%20%20%20display%3Ablock%3B%0A%09position%3Aabsolute%3B%0A%09width%3A100%25%3B%0A%09height%3A100%25%3B%0A%09background%3Atransparent%3B%0A%09padding%3A10px%3B%0A%09margin-left%3A-10px%3Bmargin-top%3A-10px%3B%0A%09box-sizing%3Acontent-box%3B%0A%7D%0A.cookie%20.tp-bullet%20%7B%0A%09width%3A10px%3B%0A%09height%3A10px%3B%0A%09position%3Aabsolute%3B%0A%20%20%20%20background%3A%20transparent%3B%0A%20%20%20%20border%3A1px%20solid%20%23fff%3B%0A%20%20%20%20border-radius%3A50%25%3B%0A%09cursor%3A%20pointer%3B%0A%09box-sizing%3Acontent-box%3B%0A%20%20%20%20transition%3A%20all%20ease%200.4s%3B%0A%20%20%20%20-webkit-transition%3A%20all%20ease%200.4s%3B%0A%7D%0A.cookie%20.tp-bullet%3Ahover%2C%0A.cookie%20.tp-bullet.selected%20%7B%0A%09border-color%3A%2322e3e5%3B%0A%7D%0A.cookie%20.tp-bullet-image%20%7B%0A%7D%0A.cookie%20.tp-bullet-title%20%7B%0A%7D%0A%0A\");\n\t\t\t\t\tvar htmlDiv = document.getElementById('rs-plugin-settings-inline-css');\n\t\t\t\t\tif(htmlDiv) {\n\t\t\t\t\t\thtmlDiv.innerHTML = htmlDiv.innerHTML + htmlDivCss;\n\t\t\t\t\t}\n\t\t\t\t\telse{\n\t\t\t\t\t\tvar htmlDiv = document.createElement('div');\n\t\t\t\t\t\thtmlDiv.innerHTML = '<style>' + htmlDivCss + '<\/style>';\n\t\t\t\t\t\tdocument.getElementsByTagName('head')[0].appendChild(htmlDiv.childNodes[0]);\n\t\t\t\t\t}\n\t\t\t\t  <\/script>\n\t\t\t\t<\/div><!-- END REVOLUTION SLIDER -->[\/vc_column][\/vc_row][vc_row][vc_column][vc_empty_space][\/vc_column][\/vc_row][vc_row][vc_column]<div class=\" section-heading text-left ihda\"><h2 class=\"heading\" style=\"font-size:48px\">Nos outils<\/h2><div class=\"divide-line text-left\"><span style=\"width:90px; height:1px; background-color:#2d2d2d\"><\/span><\/div><\/div>[\/vc_column][\/vc_row][vc_row padding_top=\u00a0\u00bb0&Prime; padding_bottom=\u00a0\u00bb0&Prime; el_id=\u00a0\u00bbintro\u00a0\u00bb el_class=\u00a0\u00bbintro\u00a0\u00bb][vc_column width=\u00a0\u00bb1\/2&Prime; offset=\u00a0\u00bbvc_col-md-6&Prime; css=\u00a0\u00bb.vc_custom_1506061157761{padding-top: 0px !important;padding-bottom: 0px !important;}\u00a0\u00bb][vc_custom_heading divide_line=\u00a0\u00bbyes\u00a0\u00bb divide_line_color=\u00a0\u00bb#2d2d2d\u00a0\u00bb text=\u00a0\u00bbLa sociocratie ou dynamique participative\u00a0\u00bb font_container=\u00a0\u00bbtag:h5|text_align:left\u00a0\u00bb use_theme_fonts=\u00a0\u00bbyes\u00a0\u00bb][vc_column_text]cr\u00e9\u00e9 par Endenburg aux Pays-Bas dans les ann\u00e9es 60, la sociocratie est un mode de gouvernance et une bo\u00eete \u00e0 outils qui visent \u00e0 augmenter la participation, la responsabilisation au sein d&rsquo;une organisation. Au-del\u00e0 d&rsquo;une autre fa\u00e7on de faire, il s&rsquo;agit avant tout d&rsquo;une autre fa\u00e7on d&rsquo;\u00eatre ensemble au travail, n\u00e9cessitant d&rsquo;installer progressivement la confiance et le partage du pouvoir.<\/p>\n<p>Les 4 grands principes sont\u00a0:<\/p>\n<ul>\n<li>le cercle<\/li>\n<li>le consentement<\/li>\n<li>l&rsquo;\u00e9lection sans candidat<\/li>\n<li>le double lien.<\/li>\n<\/ul>\n<p>[\/vc_column_text][\/vc_column][vc_column width=\u00a0\u00bb1\/2&Prime; offset=\u00a0\u00bbvc_col-md-6&Prime; css=\u00a0\u00bb.vc_custom_1506061151346{padding-top: 0px !important;padding-bottom: 0px !important;}\u00a0\u00bb][vc_custom_heading divide_line=\u00a0\u00bbyes\u00a0\u00bb divide_line_color=\u00a0\u00bb#2d2d2d\u00a0\u00bb text=\u00a0\u00bbLa Communication NonViolente\u00a0\u00bb font_container=\u00a0\u00bbtag:h5|text_align:left\u00a0\u00bb use_theme_fonts=\u00a0\u00bbyes\u00a0\u00bb][vc_column_text]est un processus de communication invent\u00e9 par Marshall Rosenberg (USA \u2013 dans les ann\u00e9es 60) qui vise \u00e0 maintenir le lien entre des personnes gr\u00e2ce \u00e0 une communication authentique, bienveillante et consciente. Ce processus passe par 4 \u00e9tapes\u00a0:<\/p>\n<ul>\n<li>l&rsquo;observation des faits qui provoquent l&rsquo;apparition d&rsquo;une tension, d&rsquo;un conflit, d&rsquo;un d\u00e9saccord (\u00e0 diff\u00e9rencier des jugements, interpr\u00e9tations, pens\u00e9es)<\/li>\n<li>l&rsquo;identification des \u00e9motions \/ sentiments que chaque partie \u00e9prouve face \u00e0 ces faits<\/li>\n<li>l&rsquo;identification des besoins de chaque partie, satisfaits ou insatisfaits<\/li>\n<li>l&rsquo;expression d&rsquo;une demande \u00e0 soi ou \u00e0 l&rsquo;autre\/aux autres pour prendre soin des besoins des diff\u00e9rentes parties concern\u00e9es<\/li>\n<\/ul>\n<p>[\/vc_column_text][\/vc_column][\/vc_row][vc_row padding_top=\u00a0\u00bb0&Prime; padding_bottom=\u00a0\u00bb0&Prime; el_class=\u00a0\u00bbintro\u00a0\u00bb][vc_column width=\u00a0\u00bb1\/2&Prime; offset=\u00a0\u00bbvc_col-md-6&Prime; css=\u00a0\u00bb.vc_custom_1506061157761{padding-top: 0px !important;padding-bottom: 0px !important;}\u00a0\u00bb][vc_custom_heading divide_line=\u00a0\u00bbyes\u00a0\u00bb divide_line_color=\u00a0\u00bb#2d2d2d\u00a0\u00bb text=\u00a0\u00bbLa syst\u00e9mique organisationnelle\u00a0\u00bb font_container=\u00a0\u00bbtag:h5|text_align:left\u00a0\u00bb use_theme_fonts=\u00a0\u00bbyes\u00a0\u00bb][vc_column_text]est une approche m\u00e9thodologique qui permet de mettre de la clart\u00e9 sur les diff\u00e9rents syst\u00e8mes dans lesquels nous \u00e9voluons (\u00e9quipe, organisation, groupe). Elle nous invite \u00e0\u00a0:<\/p>\n<ul>\n<li>identifier les acteurs du syst\u00e8me, leurs r\u00f4les et les interactions\u00a0entre eux<\/li>\n<li>d\u00e9coder les r\u00e8gles implicites qui sous-tendent le syst\u00e8me<\/li>\n<li>faire parler les redondances, s\u2019ouvrir aux r\u00e9sonances<\/li>\n<li>comprendre le syst\u00e8me en profondeur afin de retrouver un pouvoir d\u2019action et d\u2019apporter un changement durable.<\/li>\n<\/ul>\n<p>[\/vc_column_text][\/vc_column][vc_column width=\u00a0\u00bb1\/2&Prime; offset=\u00a0\u00bbvc_col-md-6&Prime; css=\u00a0\u00bb.vc_custom_1506061151346{padding-top: 0px !important;padding-bottom: 0px !important;}\u00a0\u00bb][vc_custom_heading divide_line=\u00a0\u00bbyes\u00a0\u00bb divide_line_color=\u00a0\u00bb#2d2d2d\u00a0\u00bb text=\u00a0\u00bbLes outils d&rsquo;intelligence \u00e9motionnelle et collective\u00a0\u00bb font_container=\u00a0\u00bbtag:h5|text_align:left\u00a0\u00bb use_theme_fonts=\u00a0\u00bbyes\u00a0\u00bb][vc_column_text]une multitude d&rsquo;outils permettent de d\u00e9velopper l&rsquo;intelligence \u00e9motionnelle et collective des individus et des groupes. Ces outils ont des origines diverses et sollicitent des canaux de communication et d&rsquo;expression diff\u00e9rents (la parole, le mouvement, le dessin, la construction en plasticine, etc.). Nous d\u00e9couvrons ces outils au fur et \u00e0 mesure de nos exp\u00e9riences et nous en cr\u00e9ons \u00e9galement de nouveaux.[\/vc_column_text][\/vc_column][\/vc_row][vc_row][vc_column][vc_empty_space][\/vc_column][\/vc_row][vc_row][vc_column css=\u00a0\u00bb.vc_custom_1506061513171{background-color: rgba(255,255,255,0.7) !important;*background-color: rgb(255,255,255) !important;}\u00a0\u00bb]<div class=\" section-heading text-center ihda\"><h2 class=\"heading\" style=\"font-size:40px\">\u00ab la conscience est le premier pas vers le changement \u00bb<\/h2><\/div>[\/vc_column][\/vc_row][vc_row][vc_column]<div  class=\" custom-video embed-responsive embed-responsive-16by9\">\n\t\t\t\t\t<iframe loading=\"lazy\" src=\"https:\/\/player.vimeo.com\/video\/516729520?badge=0&amp;autopause=0&amp;player_id=0&amp;app_id=58479\" width=\"640\" height=\"360\" frameborder=\"0\" allow=\"autoplay; fullscreen; picture-in-picture\" allowfullscreen title=\"Conf&amp;eacute;rence : sociocratie dynamique participative\"><\/iframe>\n\t\t\t\t<\/div>\t[\/vc_column][\/vc_row]<\/p>\n","protected":false},"excerpt":{"rendered":"<p>[vc_row fullwidth=\u00a0\u00bbhas-fullwidth-column\u00a0\u00bb][vc_column][\/vc_column][\/vc_row][vc_row][vc_column][vc_empty_space][\/vc_column][\/vc_row][vc_row][vc_column][\/vc_column][\/vc_row][vc_row padding_top=\u00a0\u00bb0&Prime; padding_bottom=\u00a0\u00bb0&Prime; el_id=\u00a0\u00bbintro\u00a0\u00bb el_class=\u00a0\u00bbintro\u00a0\u00bb][vc_column width=\u00a0\u00bb1\/2&Prime; offset=\u00a0\u00bbvc_col-md-6&Prime; css=\u00a0\u00bb.vc_custom_1506061157761{padding-top: 0px !important;padding-bottom: 0px !important;}\u00a0\u00bb][vc_custom_heading divide_line=\u00a0\u00bbyes\u00a0\u00bb divide_line_color=\u00a0\u00bb#2d2d2d\u00a0\u00bb text=\u00a0\u00bbLa sociocratie ou dynamique participative\u00a0\u00bb font_container=\u00a0\u00bbtag:h5|text_align:left\u00a0\u00bb use_theme_fonts=\u00a0\u00bbyes\u00a0\u00bb][vc_column_text]cr\u00e9\u00e9 par Endenburg aux Pays-Bas dans les ann\u00e9es 60, la sociocratie est un mode de gouvernance et une bo\u00eete \u00e0 outils qui visent \u00e0 augmenter la participation, la responsabilisation au sein d&rsquo;une organisation. Au-del\u00e0 [&hellip;]<\/p>\n","protected":false},"author":1,"featured_media":0,"parent":0,"menu_order":0,"comment_status":"closed","ping_status":"closed","template":"","meta":{"footnotes":""},"class_list":["post-157","page","type-page","status-publish","hentry"],"_links":{"self":[{"href":"https:\/\/www.evelynedodeur.be\/index.php\/wp-json\/wp\/v2\/pages\/157","targetHints":{"allow":["GET"]}}],"collection":[{"href":"https:\/\/www.evelynedodeur.be\/index.php\/wp-json\/wp\/v2\/pages"}],"about":[{"href":"https:\/\/www.evelynedodeur.be\/index.php\/wp-json\/wp\/v2\/types\/page"}],"author":[{"embeddable":true,"href":"https:\/\/www.evelynedodeur.be\/index.php\/wp-json\/wp\/v2\/users\/1"}],"replies":[{"embeddable":true,"href":"https:\/\/www.evelynedodeur.be\/index.php\/wp-json\/wp\/v2\/comments?post=157"}],"version-history":[{"count":3,"href":"https:\/\/www.evelynedodeur.be\/index.php\/wp-json\/wp\/v2\/pages\/157\/revisions"}],"predecessor-version":[{"id":631,"href":"https:\/\/www.evelynedodeur.be\/index.php\/wp-json\/wp\/v2\/pages\/157\/revisions\/631"}],"wp:attachment":[{"href":"https:\/\/www.evelynedodeur.be\/index.php\/wp-json\/wp\/v2\/media?parent=157"}],"curies":[{"name":"wp","href":"https:\/\/api.w.org\/{rel}","templated":true}]}}