{"id":155,"date":"2018-01-17T10:50:00","date_gmt":"2018-01-17T09:50:00","guid":{"rendered":"http:\/\/www.evelynedodeur.be\/?page_id=155"},"modified":"2018-03-28T13:27:52","modified_gmt":"2018-03-28T11:27:52","slug":"ils-nous-ont-fait-confiance","status":"publish","type":"page","link":"https:\/\/www.evelynedodeur.be\/index.php\/ils-nous-ont-fait-confiance\/","title":{"rendered":"Ils nous ont fait confiance"},"content":{"rendered":"<p>[vc_row][vc_column][vc_empty_space][\/vc_column][\/vc_row][vc_row][vc_column animation=\u00a0\u00bbfadeInLeftBig\u00a0\u00bb]<div class=\" section-heading text-center ihda\"><h2 class=\"heading\" style=\"font-size:30px\">'Un r\u00e9el pouvoir repose non pas sur la capacit\u00e9 de contr\u00f4ler mais sur celle de faire confiance' Richard Barett<\/h2><\/div>[\/vc_column][\/vc_row][vc_row][vc_column][vc_empty_space][\/vc_column][\/vc_row][vc_row padding_top=\u00a0\u00bb80&Prime; padding_bottom=\u00a0\u00bb80&Prime; margin_top=\u00a0\u00bb0px\u00a0\u00bb][vc_column]\n                  \n    \n    <div class=\"row clients\" data-clients-autoplay='true' data-clients-autoplay-timeout='4000' data-clients-autoplay-hover='true' data-clients-loop='true' data-clients-pagination='true' >\n     \n\t\t\n\t\t\t\t\t\t\n\t\t\t<div class=\"col-xs-12 col-sm-4 col-md-3 col-lg-2\">\t\t\t\t<div id=\"post-151\" class=\"client client-style-2\">\n\t\t\t\t\t         \n\t                \t<a href=\"http:\/\/www.article27.be\/\"><img loading=\"lazy\" decoding=\"async\" width=\"500\" height=\"500\" src=\"https:\/\/www.evelynedodeur.be\/wp-content\/uploads\/2018\/01\/art27.png\" class=\"attachment-full size-full\" alt=\"\" srcset=\"https:\/\/www.evelynedodeur.be\/wp-content\/uploads\/2018\/01\/art27.png 500w, https:\/\/www.evelynedodeur.be\/wp-content\/uploads\/2018\/01\/art27-150x150.png 150w, https:\/\/www.evelynedodeur.be\/wp-content\/uploads\/2018\/01\/art27-300x300.png 300w\" sizes=\"auto, (max-width: 500px) 100vw, 500px\" \/><\/a>\n\t                \t\t\t\t<\/div>\n\t\t\t<\/div>\t\t\n\t \n\t\t\n\t\t\t\t\t\t\n\t\t\t<div class=\"col-xs-12 col-sm-4 col-md-3 col-lg-2\">\t\t\t\t<div id=\"post-147\" class=\"client client-style-2\">\n\t\t\t\t\t         \n\t                \t<a href=\"https:\/\/www.baloise.be\/fr\/particuliers.html\"><img loading=\"lazy\" decoding=\"async\" width=\"500\" height=\"500\" src=\"https:\/\/www.evelynedodeur.be\/wp-content\/uploads\/2018\/01\/Baloise_FR_blue_Q.png\" class=\"attachment-full size-full\" alt=\"\" srcset=\"https:\/\/www.evelynedodeur.be\/wp-content\/uploads\/2018\/01\/Baloise_FR_blue_Q.png 500w, https:\/\/www.evelynedodeur.be\/wp-content\/uploads\/2018\/01\/Baloise_FR_blue_Q-150x150.png 150w, https:\/\/www.evelynedodeur.be\/wp-content\/uploads\/2018\/01\/Baloise_FR_blue_Q-300x300.png 300w\" sizes=\"auto, (max-width: 500px) 100vw, 500px\" \/><\/a>\n\t                \t\t\t\t<\/div>\n\t\t\t<\/div>\t\t\n\t \n\t\t\n\t\t\t\t\t\t\n\t\t\t<div class=\"col-xs-12 col-sm-4 col-md-3 col-lg-2\">\t\t\t\t<div id=\"post-409\" class=\"client client-style-2\">\n\t\t\t\t\t\t                \t<img loading=\"lazy\" decoding=\"async\" width=\"1020\" height=\"560\" src=\"https:\/\/www.evelynedodeur.be\/wp-content\/uploads\/2019\/03\/ASBL-BRAVVO-Bruxelles-Logo.jpg\" class=\"attachment-full size-full\" alt=\"\" srcset=\"https:\/\/www.evelynedodeur.be\/wp-content\/uploads\/2019\/03\/ASBL-BRAVVO-Bruxelles-Logo.jpg 1020w, https:\/\/www.evelynedodeur.be\/wp-content\/uploads\/2019\/03\/ASBL-BRAVVO-Bruxelles-Logo-300x165.jpg 300w, https:\/\/www.evelynedodeur.be\/wp-content\/uploads\/2019\/03\/ASBL-BRAVVO-Bruxelles-Logo-768x422.jpg 768w, https:\/\/www.evelynedodeur.be\/wp-content\/uploads\/2019\/03\/ASBL-BRAVVO-Bruxelles-Logo-640x351.jpg 640w\" sizes=\"auto, (max-width: 1020px) 100vw, 1020px\" \/>\t                \t\t\t\t<\/div>\n\t\t\t<\/div>\t\t\n\t \n\t\t\n\t\t\t\t\t\t\n\t\t\t<div class=\"col-xs-12 col-sm-4 col-md-3 col-lg-2\">\t\t\t\t<div id=\"post-415\" class=\"client client-style-2\">\n\t\t\t\t\t\t                \t<img loading=\"lazy\" decoding=\"async\" width=\"474\" height=\"271\" src=\"https:\/\/www.evelynedodeur.be\/wp-content\/uploads\/2019\/03\/CHU-Li\u00e8ge.jpg\" class=\"attachment-full size-full\" alt=\"\" srcset=\"https:\/\/www.evelynedodeur.be\/wp-content\/uploads\/2019\/03\/CHU-Li\u00e8ge.jpg 474w, https:\/\/www.evelynedodeur.be\/wp-content\/uploads\/2019\/03\/CHU-Li\u00e8ge-300x172.jpg 300w\" sizes=\"auto, (max-width: 474px) 100vw, 474px\" \/>\t                \t\t\t\t<\/div>\n\t\t\t<\/div>\t\t\n\t \n\t\t\n\t\t\t\t\t\t\n\t\t\t<div class=\"col-xs-12 col-sm-4 col-md-3 col-lg-2\">\t\t\t\t<div id=\"post-145\" class=\"client client-style-2\">\n\t\t\t\t\t         \n\t                \t<a href=\"http:\/\/www.crieliege.be\/\"><img loading=\"lazy\" decoding=\"async\" width=\"500\" height=\"500\" src=\"https:\/\/www.evelynedodeur.be\/wp-content\/uploads\/2018\/01\/crie-liege.png\" class=\"attachment-full size-full\" alt=\"\" srcset=\"https:\/\/www.evelynedodeur.be\/wp-content\/uploads\/2018\/01\/crie-liege.png 500w, https:\/\/www.evelynedodeur.be\/wp-content\/uploads\/2018\/01\/crie-liege-150x150.png 150w, https:\/\/www.evelynedodeur.be\/wp-content\/uploads\/2018\/01\/crie-liege-300x300.png 300w\" sizes=\"auto, (max-width: 500px) 100vw, 500px\" \/><\/a>\n\t                \t\t\t\t<\/div>\n\t\t\t<\/div>\t\t\n\t \n\t\t\n\t\t\t\t\t\t\n\t\t\t<div class=\"col-xs-12 col-sm-4 col-md-3 col-lg-2\">\t\t\t\t<div id=\"post-143\" class=\"client client-style-2\">\n\t\t\t\t\t         \n\t                \t<a href=\"http:\/\/www.croix-rouge.be\/\"><img loading=\"lazy\" decoding=\"async\" width=\"500\" height=\"500\" src=\"https:\/\/www.evelynedodeur.be\/wp-content\/uploads\/2018\/01\/Croix-rouge.png\" class=\"attachment-full size-full\" alt=\"\" srcset=\"https:\/\/www.evelynedodeur.be\/wp-content\/uploads\/2018\/01\/Croix-rouge.png 500w, https:\/\/www.evelynedodeur.be\/wp-content\/uploads\/2018\/01\/Croix-rouge-150x150.png 150w, https:\/\/www.evelynedodeur.be\/wp-content\/uploads\/2018\/01\/Croix-rouge-300x300.png 300w\" sizes=\"auto, (max-width: 500px) 100vw, 500px\" \/><\/a>\n\t                \t\t\t\t<\/div>\n\t\t\t<\/div>\t\t\n\t \n\t\t\n\t\t\t\t\t\t\n\t\t\t<div class=\"col-xs-12 col-sm-4 col-md-3 col-lg-2\">\t\t\t\t<div id=\"post-115\" class=\"client client-style-2\">\n\t\t\t\t\t         \n\t                \t<a href=\"http:\/\/www.cvfe.be\/\"><img loading=\"lazy\" decoding=\"async\" width=\"500\" height=\"500\" src=\"https:\/\/www.evelynedodeur.be\/wp-content\/uploads\/2018\/01\/CVFE.png\" class=\"attachment-full size-full\" alt=\"\" srcset=\"https:\/\/www.evelynedodeur.be\/wp-content\/uploads\/2018\/01\/CVFE.png 500w, https:\/\/www.evelynedodeur.be\/wp-content\/uploads\/2018\/01\/CVFE-150x150.png 150w, https:\/\/www.evelynedodeur.be\/wp-content\/uploads\/2018\/01\/CVFE-300x300.png 300w\" sizes=\"auto, (max-width: 500px) 100vw, 500px\" \/><\/a>\n\t                \t\t\t\t<\/div>\n\t\t\t<\/div>\t\t\n\t \n\t\t\n\t\t\t\t\t\t\n\t\t\t<div class=\"col-xs-12 col-sm-4 col-md-3 col-lg-2\">\t\t\t\t<div id=\"post-251\" class=\"client client-style-2\">\n\t\t\t\t\t         \n\t                \t<a href=\"https:\/\/energie-welkenraedt.com\/\"><img loading=\"lazy\" decoding=\"async\" width=\"200\" height=\"94\" src=\"https:\/\/www.evelynedodeur.be\/wp-content\/uploads\/2018\/03\/Energie-positive-Welkenraedt.jpg\" class=\"attachment-full size-full\" alt=\"\" \/><\/a>\n\t                \t\t\t\t<\/div>\n\t\t\t<\/div>\t\t\n\t \n\t\t\n\t\t\t\t\t\t\n\t\t\t<div class=\"col-xs-12 col-sm-4 col-md-3 col-lg-2\">\t\t\t\t<div id=\"post-133\" class=\"client client-style-2\">\n\t\t\t\t\t         \n\t                \t<a href=\"http:\/\/www.federation-wallonie-bruxelles.be\/\"><img loading=\"lazy\" decoding=\"async\" width=\"500\" height=\"500\" src=\"https:\/\/www.evelynedodeur.be\/wp-content\/uploads\/2018\/01\/Fe\u0301de\u0301ration_Wallonie-Bruxelles.png\" class=\"attachment-full size-full\" alt=\"\" srcset=\"https:\/\/www.evelynedodeur.be\/wp-content\/uploads\/2018\/01\/Fe\u0301de\u0301ration_Wallonie-Bruxelles.png 500w, https:\/\/www.evelynedodeur.be\/wp-content\/uploads\/2018\/01\/Fe\u0301de\u0301ration_Wallonie-Bruxelles-150x150.png 150w, https:\/\/www.evelynedodeur.be\/wp-content\/uploads\/2018\/01\/Fe\u0301de\u0301ration_Wallonie-Bruxelles-300x300.png 300w\" sizes=\"auto, (max-width: 500px) 100vw, 500px\" \/><\/a>\n\t                \t\t\t\t<\/div>\n\t\t\t<\/div>\t\t\n\t \n\t\t\n\t\t\t\t\t\t\n\t\t\t<div class=\"col-xs-12 col-sm-4 col-md-3 col-lg-2\">\t\t\t\t<div id=\"post-255\" class=\"client client-style-2\">\n\t\t\t\t\t         \n\t                \t<a href=\"https:\/\/www.formaform.be\/\"><img loading=\"lazy\" decoding=\"async\" width=\"138\" height=\"118\" src=\"https:\/\/www.evelynedodeur.be\/wp-content\/uploads\/2018\/03\/Formaform.png\" class=\"attachment-full size-full\" alt=\"\" \/><\/a>\n\t                \t\t\t\t<\/div>\n\t\t\t<\/div>\t\t\n\t \n\t\t\n\t\t\t\t\t\t\n\t\t\t<div class=\"col-xs-12 col-sm-4 col-md-3 col-lg-2\">\t\t\t\t<div id=\"post-129\" class=\"client client-style-2\">\n\t\t\t\t\t         \n\t                \t<a href=\"http:\/\/www.hec.ulg.ac.be\/fr\/accueil\"><img loading=\"lazy\" decoding=\"async\" width=\"500\" height=\"500\" src=\"https:\/\/www.evelynedodeur.be\/wp-content\/uploads\/2018\/01\/HEC.png\" class=\"attachment-full size-full\" alt=\"\" srcset=\"https:\/\/www.evelynedodeur.be\/wp-content\/uploads\/2018\/01\/HEC.png 500w, https:\/\/www.evelynedodeur.be\/wp-content\/uploads\/2018\/01\/HEC-150x150.png 150w, https:\/\/www.evelynedodeur.be\/wp-content\/uploads\/2018\/01\/HEC-300x300.png 300w\" sizes=\"auto, (max-width: 500px) 100vw, 500px\" \/><\/a>\n\t                \t\t\t\t<\/div>\n\t\t\t<\/div>\t\t\n\t \n\t\t\n\t\t\t\t\t\t\n\t\t\t<div class=\"col-xs-12 col-sm-4 col-md-3 col-lg-2\">\t\t\t\t<div id=\"post-135\" class=\"client client-style-2\">\n\t\t\t\t\t         \n\t                \t<a href=\"http:\/\/www.icj-bagic.be\/\"><img loading=\"lazy\" decoding=\"async\" width=\"500\" height=\"500\" src=\"https:\/\/www.evelynedodeur.be\/wp-content\/uploads\/2018\/01\/Icj.png\" class=\"attachment-full size-full\" alt=\"\" srcset=\"https:\/\/www.evelynedodeur.be\/wp-content\/uploads\/2018\/01\/Icj.png 500w, https:\/\/www.evelynedodeur.be\/wp-content\/uploads\/2018\/01\/Icj-150x150.png 150w, https:\/\/www.evelynedodeur.be\/wp-content\/uploads\/2018\/01\/Icj-300x300.png 300w\" sizes=\"auto, (max-width: 500px) 100vw, 500px\" \/><\/a>\n\t                \t\t\t\t<\/div>\n\t\t\t<\/div>\t\t\n\t \n\t\t\n\t\t\t\t\t\t\n\t\t\t<div class=\"col-xs-12 col-sm-4 col-md-3 col-lg-2\">\t\t\t\t<div id=\"post-137\" class=\"client client-style-2\">\n\t\t\t\t\t         \n\t                \t<a href=\"http:\/\/www.iewonline.be\/\"><img loading=\"lazy\" decoding=\"async\" width=\"500\" height=\"500\" src=\"https:\/\/www.evelynedodeur.be\/wp-content\/uploads\/2018\/01\/IEW.png\" class=\"attachment-full size-full\" alt=\"\" srcset=\"https:\/\/www.evelynedodeur.be\/wp-content\/uploads\/2018\/01\/IEW.png 500w, https:\/\/www.evelynedodeur.be\/wp-content\/uploads\/2018\/01\/IEW-150x150.png 150w, https:\/\/www.evelynedodeur.be\/wp-content\/uploads\/2018\/01\/IEW-300x300.png 300w\" sizes=\"auto, (max-width: 500px) 100vw, 500px\" \/><\/a>\n\t                \t\t\t\t<\/div>\n\t\t\t<\/div>\t\t\n\t \n\t\t\n\t\t\t\t\t\t\n\t\t\t<div class=\"col-xs-12 col-sm-4 col-md-3 col-lg-2\">\t\t\t\t<div id=\"post-139\" class=\"client client-style-2\">\n\t\t\t\t\t         \n\t                \t<a href=\"http:\/\/www.asblkaleidos.be\/\"><img loading=\"lazy\" decoding=\"async\" width=\"500\" height=\"500\" src=\"https:\/\/www.evelynedodeur.be\/wp-content\/uploads\/2018\/01\/kaleidos.png\" class=\"attachment-full size-full\" alt=\"\" srcset=\"https:\/\/www.evelynedodeur.be\/wp-content\/uploads\/2018\/01\/kaleidos.png 500w, https:\/\/www.evelynedodeur.be\/wp-content\/uploads\/2018\/01\/kaleidos-150x150.png 150w, https:\/\/www.evelynedodeur.be\/wp-content\/uploads\/2018\/01\/kaleidos-300x300.png 300w\" sizes=\"auto, (max-width: 500px) 100vw, 500px\" \/><\/a>\n\t                \t\t\t\t<\/div>\n\t\t\t<\/div>\t\t\n\t \n\t\t\n\t\t\t\t\t\t\n\t\t\t<div class=\"col-xs-12 col-sm-4 col-md-3 col-lg-2\">\t\t\t\t<div id=\"post-131\" class=\"client client-style-2\">\n\t\t\t\t\t         \n\t                \t<a href=\"http:\/\/www.mondefemmes.be\/\"><img loading=\"lazy\" decoding=\"async\" width=\"500\" height=\"500\" src=\"https:\/\/www.evelynedodeur.be\/wp-content\/uploads\/2018\/01\/le-monde-selon-les-femmes.png\" class=\"attachment-full size-full\" alt=\"\" srcset=\"https:\/\/www.evelynedodeur.be\/wp-content\/uploads\/2018\/01\/le-monde-selon-les-femmes.png 500w, https:\/\/www.evelynedodeur.be\/wp-content\/uploads\/2018\/01\/le-monde-selon-les-femmes-150x150.png 150w, https:\/\/www.evelynedodeur.be\/wp-content\/uploads\/2018\/01\/le-monde-selon-les-femmes-300x300.png 300w\" sizes=\"auto, (max-width: 500px) 100vw, 500px\" \/><\/a>\n\t                \t\t\t\t<\/div>\n\t\t\t<\/div>\t\t\n\t \n\t\t\n\t\t\t\t\t\t\n\t\t\t<div class=\"col-xs-12 col-sm-4 col-md-3 col-lg-2\">\t\t\t\t<div id=\"post-119\" class=\"client client-style-2\">\n\t\t\t\t\t         \n\t                \t<a href=\"https:\/\/lesscouts.be\/\"><img loading=\"lazy\" decoding=\"async\" width=\"500\" height=\"500\" src=\"https:\/\/www.evelynedodeur.be\/wp-content\/uploads\/2018\/01\/Les-Scouts.png\" class=\"attachment-full size-full\" alt=\"\" srcset=\"https:\/\/www.evelynedodeur.be\/wp-content\/uploads\/2018\/01\/Les-Scouts.png 500w, https:\/\/www.evelynedodeur.be\/wp-content\/uploads\/2018\/01\/Les-Scouts-150x150.png 150w, https:\/\/www.evelynedodeur.be\/wp-content\/uploads\/2018\/01\/Les-Scouts-300x300.png 300w\" sizes=\"auto, (max-width: 500px) 100vw, 500px\" \/><\/a>\n\t                \t\t\t\t<\/div>\n\t\t\t<\/div>\t\t\n\t \n\t\t\n\t\t\t\t\t\t\n\t\t\t<div class=\"col-xs-12 col-sm-4 col-md-3 col-lg-2\">\t\t\t\t<div id=\"post-127\" class=\"client client-style-2\">\n\t\t\t\t\t         \n\t                \t<a href=\"http:\/\/www.mainsunies.be\/\"><img loading=\"lazy\" decoding=\"async\" width=\"500\" height=\"500\" src=\"https:\/\/www.evelynedodeur.be\/wp-content\/uploads\/2018\/01\/Mains-unies.png\" class=\"attachment-full size-full\" alt=\"\" srcset=\"https:\/\/www.evelynedodeur.be\/wp-content\/uploads\/2018\/01\/Mains-unies.png 500w, https:\/\/www.evelynedodeur.be\/wp-content\/uploads\/2018\/01\/Mains-unies-150x150.png 150w, https:\/\/www.evelynedodeur.be\/wp-content\/uploads\/2018\/01\/Mains-unies-300x300.png 300w\" sizes=\"auto, (max-width: 500px) 100vw, 500px\" \/><\/a>\n\t                \t\t\t\t<\/div>\n\t\t\t<\/div>\t\t\n\t \n\t\t\n\t\t\t\t\t\t\n\t\t\t<div class=\"col-xs-12 col-sm-4 col-md-3 col-lg-2\">\t\t\t\t<div id=\"post-257\" class=\"client client-style-2\">\n\t\t\t\t\t         \n\t                \t<a href=\"https:\/\/www.mc.be\/\"><img loading=\"lazy\" decoding=\"async\" width=\"128\" height=\"116\" src=\"https:\/\/www.evelynedodeur.be\/wp-content\/uploads\/2018\/03\/Mutualit\u00e9-chr\u00e9tienne.jpg\" class=\"attachment-full size-full\" alt=\"\" \/><\/a>\n\t                \t\t\t\t<\/div>\n\t\t\t<\/div>\t\t\n\t \n\t\t\n\t\t\t\t\t\t\n\t\t\t<div class=\"col-xs-12 col-sm-4 col-md-3 col-lg-2\">\t\t\t\t<div id=\"post-125\" class=\"client client-style-2\">\n\t\t\t\t\t         \n\t                \t<a href=\"http:\/\/www.natagora.be\/index.php?id=accueil&amp;no_cache=1\"><img loading=\"lazy\" decoding=\"async\" width=\"500\" height=\"500\" src=\"https:\/\/www.evelynedodeur.be\/wp-content\/uploads\/2018\/01\/natagora.png\" class=\"attachment-full size-full\" alt=\"\" srcset=\"https:\/\/www.evelynedodeur.be\/wp-content\/uploads\/2018\/01\/natagora.png 500w, https:\/\/www.evelynedodeur.be\/wp-content\/uploads\/2018\/01\/natagora-150x150.png 150w, https:\/\/www.evelynedodeur.be\/wp-content\/uploads\/2018\/01\/natagora-300x300.png 300w\" sizes=\"auto, (max-width: 500px) 100vw, 500px\" \/><\/a>\n\t                \t\t\t\t<\/div>\n\t\t\t<\/div>\t\t\n\t \n\t\t\n\t\t\t\t\t\t\n\t\t\t<div class=\"col-xs-12 col-sm-4 col-md-3 col-lg-2\">\t\t\t\t<div id=\"post-123\" class=\"client client-style-2\">\n\t\t\t\t\t         \n\t                \t<a href=\"http:\/\/events.ulg.ac.be\/parlement-citoyen-climat\/\"><img loading=\"lazy\" decoding=\"async\" width=\"500\" height=\"500\" src=\"https:\/\/www.evelynedodeur.be\/wp-content\/uploads\/2018\/01\/Parlement-Citoyens-climat.png\" class=\"attachment-full size-full\" alt=\"\" srcset=\"https:\/\/www.evelynedodeur.be\/wp-content\/uploads\/2018\/01\/Parlement-Citoyens-climat.png 500w, https:\/\/www.evelynedodeur.be\/wp-content\/uploads\/2018\/01\/Parlement-Citoyens-climat-150x150.png 150w, https:\/\/www.evelynedodeur.be\/wp-content\/uploads\/2018\/01\/Parlement-Citoyens-climat-300x300.png 300w\" sizes=\"auto, (max-width: 500px) 100vw, 500px\" \/><\/a>\n\t                \t\t\t\t<\/div>\n\t\t\t<\/div>\t\t\n\t \n\t\t\n\t\t\t\t\t\t\n\t\t\t<div class=\"col-xs-12 col-sm-4 col-md-3 col-lg-2\">\t\t\t\t<div id=\"post-121\" class=\"client client-style-2\">\n\t\t\t\t\t         \n\t                \t<a href=\"http:\/\/www.samarcande.be\/\"><img loading=\"lazy\" decoding=\"async\" width=\"500\" height=\"500\" src=\"https:\/\/www.evelynedodeur.be\/wp-content\/uploads\/2018\/01\/samarcande.png\" class=\"attachment-full size-full\" alt=\"\" srcset=\"https:\/\/www.evelynedodeur.be\/wp-content\/uploads\/2018\/01\/samarcande.png 500w, https:\/\/www.evelynedodeur.be\/wp-content\/uploads\/2018\/01\/samarcande-150x150.png 150w, https:\/\/www.evelynedodeur.be\/wp-content\/uploads\/2018\/01\/samarcande-300x300.png 300w\" sizes=\"auto, (max-width: 500px) 100vw, 500px\" \/><\/a>\n\t                \t\t\t\t<\/div>\n\t\t\t<\/div>\t\t\n\t \n\t\t\n\t\t\t\t\t\t\n\t\t\t<div class=\"col-xs-12 col-sm-4 col-md-3 col-lg-2\">\t\t\t\t<div id=\"post-117\" class=\"client client-style-2\">\n\t\t\t\t\t         \n\t                \t<a href=\"http:\/\/smartbe.be\/fr\/\"><img loading=\"lazy\" decoding=\"async\" width=\"500\" height=\"500\" src=\"https:\/\/www.evelynedodeur.be\/wp-content\/uploads\/2018\/01\/smart.png\" class=\"attachment-full size-full\" alt=\"\" srcset=\"https:\/\/www.evelynedodeur.be\/wp-content\/uploads\/2018\/01\/smart.png 500w, https:\/\/www.evelynedodeur.be\/wp-content\/uploads\/2018\/01\/smart-150x150.png 150w, https:\/\/www.evelynedodeur.be\/wp-content\/uploads\/2018\/01\/smart-300x300.png 300w\" sizes=\"auto, (max-width: 500px) 100vw, 500px\" \/><\/a>\n\t                \t\t\t\t<\/div>\n\t\t\t<\/div>\t\t\n\t \n\t\t\n\t\t\t\t\t\t\n\t\t\t<div class=\"col-xs-12 col-sm-4 col-md-3 col-lg-2\">\t\t\t\t<div id=\"post-153\" class=\"client client-style-2\">\n\t\t\t\t\t         \n\t                \t<a href=\"http:\/\/www.creation-projet.be\/\"><img loading=\"lazy\" decoding=\"async\" width=\"400\" height=\"400\" src=\"https:\/\/www.evelynedodeur.be\/wp-content\/uploads\/2018\/03\/Step-1.jpg\" class=\"attachment-full size-full\" alt=\"\" srcset=\"https:\/\/www.evelynedodeur.be\/wp-content\/uploads\/2018\/03\/Step-1.jpg 400w, https:\/\/www.evelynedodeur.be\/wp-content\/uploads\/2018\/03\/Step-1-150x150.jpg 150w, https:\/\/www.evelynedodeur.be\/wp-content\/uploads\/2018\/03\/Step-1-300x300.jpg 300w\" sizes=\"auto, (max-width: 400px) 100vw, 400px\" \/><\/a>\n\t                \t\t\t\t<\/div>\n\t\t\t<\/div>\t\t\n\t \n\t\t\n\t\t\t\t\t\t\n\t\t\t<div class=\"col-xs-12 col-sm-4 col-md-3 col-lg-2\">\t\t\t\t<div id=\"post-259\" class=\"client client-style-2\">\n\t\t\t\t\t         \n\t                \t<a href=\"https:\/\/uclouvain.be\/fr\/facultes\/espo\/fopes\"><img loading=\"lazy\" decoding=\"async\" width=\"90\" height=\"125\" src=\"https:\/\/www.evelynedodeur.be\/wp-content\/uploads\/2018\/03\/UCL.png\" class=\"attachment-full size-full\" alt=\"\" \/><\/a>\n\t                \t\t\t\t<\/div>\n\t\t\t<\/div>\t\t\n\t\t\n\t<\/div>\n\t   \n[\/vc_column][\/vc_row]<\/p>\n","protected":false},"excerpt":{"rendered":"<p>[vc_row][vc_column][vc_empty_space][\/vc_column][\/vc_row][vc_row][vc_column animation=\u00a0\u00bbfadeInLeftBig\u00a0\u00bb][\/vc_column][\/vc_row][vc_row][vc_column][vc_empty_space][\/vc_column][\/vc_row][vc_row padding_top=\u00a0\u00bb80&Prime; padding_bottom=\u00a0\u00bb80&Prime; margin_top=\u00a0\u00bb0px\u00a0\u00bb][vc_column][\/vc_column][\/vc_row]<\/p>\n","protected":false},"author":1,"featured_media":0,"parent":0,"menu_order":0,"comment_status":"closed","ping_status":"closed","template":"","meta":{"footnotes":""},"class_list":["post-155","page","type-page","status-publish","hentry"],"_links":{"self":[{"href":"https:\/\/www.evelynedodeur.be\/index.php\/wp-json\/wp\/v2\/pages\/155","targetHints":{"allow":["GET"]}}],"collection":[{"href":"https:\/\/www.evelynedodeur.be\/index.php\/wp-json\/wp\/v2\/pages"}],"about":[{"href":"https:\/\/www.evelynedodeur.be\/index.php\/wp-json\/wp\/v2\/types\/page"}],"author":[{"embeddable":true,"href":"https:\/\/www.evelynedodeur.be\/index.php\/wp-json\/wp\/v2\/users\/1"}],"replies":[{"embeddable":true,"href":"https:\/\/www.evelynedodeur.be\/index.php\/wp-json\/wp\/v2\/comments?post=155"}],"version-history":[{"count":3,"href":"https:\/\/www.evelynedodeur.be\/index.php\/wp-json\/wp\/v2\/pages\/155\/revisions"}],"predecessor-version":[{"id":254,"href":"https:\/\/www.evelynedodeur.be\/index.php\/wp-json\/wp\/v2\/pages\/155\/revisions\/254"}],"wp:attachment":[{"href":"https:\/\/www.evelynedodeur.be\/index.php\/wp-json\/wp\/v2\/media?parent=155"}],"curies":[{"name":"wp","href":"https:\/\/api.w.org\/{rel}","templated":true}]}}