{"id":12,"date":"2017-08-08T22:17:54","date_gmt":"2017-08-08T20:17:54","guid":{"rendered":"http:\/\/www.evelynedodeur.be\/?page_id=12"},"modified":"2020-09-30T09:47:37","modified_gmt":"2020-09-30T07:47:37","slug":"notre-equipe","status":"publish","type":"page","link":"https:\/\/www.evelynedodeur.be\/index.php\/notre-equipe\/","title":{"rendered":"Notre \u00e9quipe"},"content":{"rendered":"<p>[vc_row][vc_column][vc_empty_space][\/vc_column][\/vc_row][vc_row][vc_column animation=\u00a0\u00bbfadeInLeftBig\u00a0\u00bb]<div class=\" section-heading text-center ihda\"><h2 class=\"heading\" style=\"font-size:30px\">'Sans \u00e9motions, il est impossible de transformer les t\u00e9n\u00e8bres en lumi\u00e8re et l'apathie en mouvement' Jung<\/h2><\/div>[\/vc_column][\/vc_row][vc_row][vc_column width=\u00a0\u00bb1\/4&Prime;]<div class=\" agni-image custom-image-container text-left\"><div class=\"wpb_wrapper\"><a><img loading=\"lazy\" decoding=\"async\" style=\"\" width=\"732\" height=\"1098\" src=\"https:\/\/www.evelynedodeur.be\/wp-content\/uploads\/2017\/08\/16102017-IMG_0503nb.jpg\" class=\"fullwidth-image attachment-full  attachment-full\" alt=\"\" srcset=\"https:\/\/www.evelynedodeur.be\/wp-content\/uploads\/2017\/08\/16102017-IMG_0503nb.jpg 732w, https:\/\/www.evelynedodeur.be\/wp-content\/uploads\/2017\/08\/16102017-IMG_0503nb-200x300.jpg 200w, https:\/\/www.evelynedodeur.be\/wp-content\/uploads\/2017\/08\/16102017-IMG_0503nb-683x1024.jpg 683w, https:\/\/www.evelynedodeur.be\/wp-content\/uploads\/2017\/08\/16102017-IMG_0503nb-640x960.jpg 640w\" sizes=\"auto, (max-width: 732px) 100vw, 732px\" \/><\/a><\/div><\/div>[vc_empty_space][vc_column_text]<a href=\"https:\/\/be.linkedin.com\/in\/evelyne-dodeur-13332b32\">Linkedin<\/a><br \/>\n<a href=\"contact@evelynedodeur.be\">contact@evelynedodeur.be<\/a><br \/>\nT\u00e9l. : 00 32 495 67 46 09[\/vc_column_text][\/vc_column][vc_column width=\u00a0\u00bb3\/4&Prime;][vc_column_text css=\u00a0\u00bb.vc_custom_1516204243892{padding-top: 0px !important;padding-bottom: 0px !important;}\u00a0\u00bb]<\/p>\n<h4>Evelyne Dodeur<\/h4>\n<p><strong>Mon m\u00e9tier, ma passion<\/strong><br \/>\nJ&rsquo;aime accompagner des collectifs, cela donne du sens \u00e0 ma vie, je me sens utile, c\u2019est ma contribution au monde. Je cherche \u00e0 (r\u00e9)concilier l\u2019individu et le collectif\u00a0en permettant \u00e0 chacun de trouver sa place pour enrichir le groupe et faire \u00e9merger l\u2019intelligence collective. Je contribue au d\u00e9veloppement de l\u2019intelligence \u00e9motionnelle\u00a0afin de comprendre les \u00e9motions qui nous habitent pour agir plus en conscience au service des besoins individuels et collectifs. Je tisse des liens et je les nourris.<\/p>\n<p><strong>Mes exp\u00e9riences<\/strong><br \/>\nJ&rsquo;ai eu la chance de vivre des exp\u00e9riences professionnelles multiples qui me permettent aujourd&rsquo;hui d\u2019\u00e9voluer dans diff\u00e9rents secteurs et de m\u2019adapter \u00e0 diff\u00e9rents publics. Au fil du temps, j&rsquo;ai notamment d\u00e9velopp\u00e9 une connaissance approfondie du secteur non marchand et de l\u2019\u00e9conomie sociale.<\/p>\n<p>J&rsquo;ai acquis de l\u2019exp\u00e9rience dans l\u2019enseignement, la formation, l\u2019\u00e9ducation permanente, la prise de parole en public, l\u2019animation, la facilitation, la gestion de projets ou encore la m\u00e9diation et la gestion de conflits.<\/p>\n<p>J&rsquo;ai g\u00e9r\u00e9 des \u00e9quipes dans une structure hi\u00e9rarchis\u00e9e, pyramidale et dans une structure horizontale, autog\u00e9r\u00e9e. J&rsquo;y ai d\u00e9velopp\u00e9 mon sens de l&rsquo;organisation et des responsabilit\u00e9s.<\/p>\n<p>J&rsquo;accompagne quotidiennement des organisations et des \u00e9quipes, j&rsquo;analyse les dynamiques de groupes, je soutiens la recherche collective de solutions cr\u00e9atives aux probl\u00e8mes organisationnels et relationnels. J&rsquo;encourage les prises de conscience, n\u00e9cessaires au changement.<\/p>\n<p><strong>Mes atouts<\/strong><br \/>\nStructure et souplesse, authenticit\u00e9 et bienveillance.<\/p>\n<p>Je consacre du temps et de l\u2019\u00e9nergie \u00e0 mon propre d\u00e9veloppement personnel, de fa\u00e7on continue, en variant les approches th\u00e9rapeutiques. Mon moteur, c&rsquo;est la confiance en l\u2019\u00eatre humain et le plaisir de la rencontre.[\/vc_column_text][\/vc_column][\/vc_row]<\/p>\n","protected":false},"excerpt":{"rendered":"<p>[vc_row][vc_column][vc_empty_space][\/vc_column][\/vc_row][vc_row][vc_column animation=\u00a0\u00bbfadeInLeftBig\u00a0\u00bb][\/vc_column][\/vc_row][vc_row][vc_column width=\u00a0\u00bb1\/4&Prime;][vc_empty_space][vc_column_text]Linkedin contact@evelynedodeur.be T\u00e9l. : 00 32 495 67 46 09[\/vc_column_text][\/vc_column][vc_column width=\u00a0\u00bb3\/4&Prime;][vc_column_text css=\u00a0\u00bb.vc_custom_1516204243892{padding-top: 0px !important;padding-bottom: 0px !important;}\u00a0\u00bb] Evelyne Dodeur Mon m\u00e9tier, ma passion J&rsquo;aime accompagner des collectifs, cela donne du sens \u00e0 ma vie, je me sens utile, c\u2019est ma contribution au monde. Je cherche \u00e0 (r\u00e9)concilier l\u2019individu et le collectif\u00a0en permettant \u00e0 chacun [&hellip;]<\/p>\n","protected":false},"author":1,"featured_media":0,"parent":0,"menu_order":0,"comment_status":"closed","ping_status":"closed","template":"","meta":{"footnotes":""},"class_list":["post-12","page","type-page","status-publish","hentry"],"_links":{"self":[{"href":"https:\/\/www.evelynedodeur.be\/index.php\/wp-json\/wp\/v2\/pages\/12","targetHints":{"allow":["GET"]}}],"collection":[{"href":"https:\/\/www.evelynedodeur.be\/index.php\/wp-json\/wp\/v2\/pages"}],"about":[{"href":"https:\/\/www.evelynedodeur.be\/index.php\/wp-json\/wp\/v2\/types\/page"}],"author":[{"embeddable":true,"href":"https:\/\/www.evelynedodeur.be\/index.php\/wp-json\/wp\/v2\/users\/1"}],"replies":[{"embeddable":true,"href":"https:\/\/www.evelynedodeur.be\/index.php\/wp-json\/wp\/v2\/comments?post=12"}],"version-history":[{"count":17,"href":"https:\/\/www.evelynedodeur.be\/index.php\/wp-json\/wp\/v2\/pages\/12\/revisions"}],"predecessor-version":[{"id":618,"href":"https:\/\/www.evelynedodeur.be\/index.php\/wp-json\/wp\/v2\/pages\/12\/revisions\/618"}],"wp:attachment":[{"href":"https:\/\/www.evelynedodeur.be\/index.php\/wp-json\/wp\/v2\/media?parent=12"}],"curies":[{"name":"wp","href":"https:\/\/api.w.org\/{rel}","templated":true}]}}